{"id":35,"date":"2021-09-27T15:20:17","date_gmt":"2021-09-27T15:20:17","guid":{"rendered":"https:\/\/demandas.majormecca.com.br\/?page_id=35"},"modified":"2021-11-03T17:34:29","modified_gmt":"2021-11-03T17:34:29","slug":"mecca","status":"publish","type":"page","link":"https:\/\/cadastro.majormecca.com.br\/","title":{"rendered":"mecca"},"content":{"rendered":"<p>[et_pb_section fb_built=&#8221;1&#8243; disabled_on=&#8221;on|on|off&#8221; _builder_version=&#8221;4.11.4&#8243; _module_preset=&#8221;default&#8221; background_color=&#8221;#000000&#8243; background_image=&#8221;https:\/\/cadastro.majormecca.com.br\/wp-content\/uploads\/2021\/11\/250.png&#8221; background_size=&#8221;contain&#8221; background_position=&#8221;top_left&#8221; background_enable_video_mp4=&#8221;off&#8221; background_enable_video_webm=&#8221;off&#8221; global_colors_info=&#8221;{}&#8221;][et_pb_row column_structure=&#8221;1_3,2_3&#8243; _builder_version=&#8221;4.10.8&#8243; _module_preset=&#8221;default&#8221; custom_padding=&#8221;||1px|||&#8221; global_colors_info=&#8221;{}&#8221;][et_pb_column type=&#8221;1_3&#8243; _builder_version=&#8221;4.10.8&#8243; _module_preset=&#8221;default&#8221; global_colors_info=&#8221;{}&#8221;][\/et_pb_column][et_pb_column type=&#8221;2_3&#8243; _builder_version=&#8221;4.10.8&#8243; _module_preset=&#8221;default&#8221; global_colors_info=&#8221;{}&#8221;][dsm_text_divider header=&#8221;N\u00c3O FIQUE SEM SABER DA VERDADE DOS FATOS&#8221; color=&#8221;RGBA(0,0,0,0)&#8221; _builder_version=&#8221;4.11.4&#8243; _module_preset=&#8221;default&#8221; header_level=&#8221;h1&#8243; header_font=&#8221;|700|||||||&#8221; header_text_align=&#8221;center&#8221; header_font_size=&#8221;33px&#8221; background_layout=&#8221;dark&#8221; custom_margin=&#8221;|||1px||&#8221; custom_padding=&#8221;|||0px||&#8221; global_colors_info=&#8221;{}&#8221;][\/dsm_text_divider][dsm_text_divider header=&#8221;Devido a constante censura que estamos sofrendo nas redes sociais, pe\u00e7o aos meus amigos seguidores para se cadastrarem abaixo, e assim n\u00e3o percam nenhuma not\u00edcia de nosso trabalho.&#8221; color=&#8221;#FFFFFF&#8221; divider_style=&#8221;none&#8221; divider_weight=&#8221;0px&#8221; text_gap=&#8221;14px&#8221; _builder_version=&#8221;4.11.4&#8243; _module_preset=&#8221;default&#8221; header_level=&#8221;h1&#8243; header_font=&#8221;Amiri|||||on|||&#8221; header_font_size=&#8221;24px&#8221; header_letter_spacing=&#8221;1px&#8221; background_color=&#8221;rgba(12,113,195,0.49)&#8221; background_layout=&#8221;dark&#8221; width=&#8221;80%&#8221; max_width=&#8221;100%&#8221; module_alignment=&#8221;center&#8221; custom_margin=&#8221;||||false|false&#8221; custom_padding=&#8221;|||0px|false|false&#8221; text_shadow_style=&#8221;preset5&#8243; text_shadow_color=&#8221;RGBA(0,0,0,0)&#8221; global_colors_info=&#8221;{}&#8221;][\/dsm_text_divider][\/et_pb_column][\/et_pb_row][et_pb_row use_custom_gutter=&#8221;on&#8221; gutter_width=&#8221;1&#8243; _builder_version=&#8221;4.10.8&#8243; _module_preset=&#8221;default&#8221; module_alignment=&#8221;center&#8221; custom_margin=&#8221;|381px||auto||&#8221; custom_padding=&#8221;5px|144px|1px|505px||&#8221; global_colors_info=&#8221;{}&#8221;][et_pb_column type=&#8221;4_4&#8243; disabled_on=&#8221;off|off|off&#8221; _builder_version=&#8221;4.10.8&#8243; _module_preset=&#8221;default&#8221; global_colors_info=&#8221;{}&#8221;][dsm_contact_form_7 cf7_library=&#8221;208&#8243; label_bottom_spacing=&#8221;0px&#8221; button_alignment=&#8221;left&#8221; input_background_color=&#8221;rgba(12,113,195,0.5)&#8221; file_background_color=&#8221;#FFFFFF&#8221; error_msg_background_color=&#8221;#FFFFFF&#8221; validation_error_background_color=&#8221;RGBA(0,0,0,0)&#8221; validation_success_background_color=&#8221;#FFFFFF&#8221; _builder_version=&#8221;4.10.8&#8243; _module_preset=&#8221;default&#8221; labels_font=&#8221;|||on|||||&#8221; labels_text_align=&#8221;center&#8221; labels_text_color=&#8221;#FFFFFF&#8221; labels_font_size=&#8221;13px&#8221; labels_line_height=&#8221;1em&#8221; input_textarea_select_font=&#8221;|700|||||||&#8221; input_textarea_select_text_align=&#8221;left&#8221; input_textarea_select_text_color=&#8221;#FFFFFF&#8221; radio_checkbox_font=&#8221;|600|||||||&#8221; radio_checkbox_text_color=&#8221;#FFFFFF&#8221; file_text_color=&#8221;#FFFFFF&#8221; error_msg_font=&#8221;|600|||||||&#8221; error_msg_text_align=&#8221;left&#8221; error_msg_text_color=&#8221;#0C71C3&#8243; error_msg_line_height=&#8221;1.4em&#8221; error_validation_text_color=&#8221;#FFFFFF&#8221; background_color=&#8221;RGBA(0,0,0,0)&#8221; position_origin_f=&#8221;top_right&#8221; vertical_offset=&#8221;27px&#8221; horizontal_offset=&#8221;-3px&#8221; custom_margin=&#8221;32px|12px||43px|false|false&#8221; custom_padding=&#8221;|3px||0px||&#8221; border_color_all_image=&#8221;RGBA(0,0,0,0)&#8221; border_style_all_image=&#8221;none&#8221; border_color_all_error_msg=&#8221;#FFFFFF&#8221; border_style_all_error_msg=&#8221;none&#8221; border_width_all_error_validation=&#8221;0px&#8221; border_color_all_error_validation=&#8221;RGBA(0,0,0,0)&#8221; global_colors_info=&#8221;{}&#8221;][\/dsm_contact_form_7][et_pb_social_media_follow _builder_version=&#8221;4.11.4&#8243; _module_preset=&#8221;default&#8221; hover_enabled=&#8221;0&#8243; sticky_enabled=&#8221;0&#8243; text_orientation=&#8221;right&#8221; use_icon_font_size=&#8221;on&#8221; icon_font_size=&#8221;10px&#8221;][et_pb_social_media_follow_network social_network=&#8221;facebook&#8221; background_color=&#8221;#3b5998&#8243; _builder_version=&#8221;4.11.4&#8243; _module_preset=&#8221;default&#8221; follow_button=&#8221;off&#8221; url_new_window=&#8221;on&#8221; url=&#8221;https:\/\/www.facebook.com\/majormeccaoficial&#8221; hover_enabled=&#8221;0&#8243; sticky_enabled=&#8221;0&#8243;]facebook[\/et_pb_social_media_follow_network][et_pb_social_media_follow_network social_network=&#8221;twitter&#8221; background_color=&#8221;#00aced&#8221; _builder_version=&#8221;4.11.4&#8243; _module_preset=&#8221;default&#8221; follow_button=&#8221;off&#8221; url_new_window=&#8221;on&#8221; url=&#8221;https:\/\/twitter.com\/MajorMecca&#8221; hover_enabled=&#8221;0&#8243; sticky_enabled=&#8221;0&#8243;]twitter[\/et_pb_social_media_follow_network][et_pb_social_media_follow_network social_network=&#8221;instagram&#8221; background_color=&#8221;#ea2c59&#8243; _builder_version=&#8221;4.11.4&#8243; _module_preset=&#8221;default&#8221; follow_button=&#8221;off&#8221; url_new_window=&#8221;on&#8221; hover_enabled=&#8221;0&#8243; sticky_enabled=&#8221;0&#8243; url=&#8221;https:\/\/www.instagram.com\/majormecca\/&#8221;]instagram[\/et_pb_social_media_follow_network][et_pb_social_media_follow_network social_network=&#8221;youtube&#8221; background_color=&#8221;#a82400&#8243; _builder_version=&#8221;4.11.4&#8243; _module_preset=&#8221;default&#8221; follow_button=&#8221;off&#8221; url_new_window=&#8221;on&#8221; hover_enabled=&#8221;0&#8243; sticky_enabled=&#8221;0&#8243; url=&#8221;https:\/\/www.youtube.com\/c\/MajorMecca&#8221;]youtube[\/et_pb_social_media_follow_network][\/et_pb_social_media_follow][\/et_pb_column][\/et_pb_row][\/et_pb_section][et_pb_section fb_built=&#8221;1&#8243; disabled_on=&#8221;off|off|on&#8221; _builder_version=&#8221;4.11.4&#8243; _module_preset=&#8221;default&#8221; background_color=&#8221;#000000&#8243; background_enable_image=&#8221;off&#8221; parallax=&#8221;on&#8221; parallax_method=&#8221;off&#8221; background_enable_video_mp4=&#8221;off&#8221; global_colors_info=&#8221;{}&#8221; custom_padding=&#8221;||3px|||&#8221;][et_pb_row _builder_version=&#8221;4.11.4&#8243; _module_preset=&#8221;default&#8221; custom_margin=&#8221;-54px|auto||auto||&#8221; custom_padding=&#8221;13px||0px|||&#8221; global_colors_info=&#8221;{}&#8221;][et_pb_column type=&#8221;4_4&#8243; _builder_version=&#8221;4.11.4&#8243; _module_preset=&#8221;default&#8221; global_colors_info=&#8221;{}&#8221;][et_pb_text _builder_version=&#8221;4.11.4&#8243; _module_preset=&#8221;default&#8221; custom_margin=&#8221;10px|||||&#8221; global_colors_info=&#8221;{}&#8221;]<\/p>\n<h4 style=\"text-align: center;\"><span style=\"color: #ffffff;\">Voc\u00ea est\u00e1 preparado para as mudan\u00e7as que est\u00e3o por vir?<\/span><\/h4>\n<p>[\/et_pb_text][et_pb_image src=&#8221;https:\/\/cadastro.majormecca.com.br\/wp-content\/uploads\/2021\/11\/cadast5.png&#8221; title_text=&#8221;cadastro-major-mecca&#8221; _builder_version=&#8221;4.11.4&#8243; _module_preset=&#8221;default&#8221; custom_margin=&#8221;-28px|||||&#8221; custom_padding=&#8221;5px|0px||||&#8221; global_colors_info=&#8221;{}&#8221;][\/et_pb_image][\/et_pb_column][\/et_pb_row][et_pb_row disabled_on=&#8221;off|off|on&#8221; _builder_version=&#8221;4.11.4&#8243; _module_preset=&#8221;default&#8221; width=&#8221;77.9%&#8221; custom_margin=&#8221;|40px||auto||&#8221; custom_padding=&#8221;0px|0px||||&#8221; global_colors_info=&#8221;{}&#8221;][et_pb_column type=&#8221;4_4&#8243; disabled_on=&#8221;off|off|on&#8221; _builder_version=&#8221;4.10.8&#8243; _module_preset=&#8221;default&#8221; background_enable_image=&#8221;off&#8221; parallax=&#8221;on&#8221; global_colors_info=&#8221;{}&#8221;][et_pb_text _builder_version=&#8221;4.11.4&#8243; _module_preset=&#8221;default&#8221; global_colors_info=&#8221;{}&#8221;]<\/p>\n<h6 style=\"text-align: center;\"><strong><span style=\"color: #ffffff;\">N\u00c3O FIQUE SEM SABER DA VERDADE DOS FATOS<\/span><\/strong><\/h6>\n<p>[\/et_pb_text][et_pb_text _builder_version=&#8221;4.11.4&#8243; _module_preset=&#8221;default&#8221; custom_margin=&#8221;-17px||7px|||&#8221; hover_enabled=&#8221;0&#8243; global_colors_info=&#8221;{}&#8221; sticky_enabled=&#8221;0&#8243;]<\/p>\n<h4 class=\"dsm-text-divider-header et_pb_module_header\" style=\"text-align: center;\"><span style=\"color: #ffffff;\">Devido a constante censura que estamos sofrendo nas redes sociais, pe\u00e7o aos meus amigos seguidores para se cadastrarem abaixo, e assim n\u00e3o percam nenhuma not\u00edcia de nosso trabalho.<\/span><\/h4>\n<p>[\/et_pb_text][dsm_contact_form_7 cf7_library=&#8221;208&#8243; show_validation=&#8221;on&#8221; label_bottom_spacing=&#8221;0px&#8221; input_background_color=&#8221;rgba(255,255,255,0.1)&#8221; validation_success_background_color=&#8221;#FFFFFF&#8221; disabled_on=&#8221;off|off|on&#8221; _builder_version=&#8221;4.11.4&#8243; _module_preset=&#8221;default&#8221; labels_font=&#8221;|700|||||||&#8221; labels_text_color=&#8221;#FFFFFF&#8221; input_textarea_select_font=&#8221;|300|||||||&#8221; input_textarea_select_text_color=&#8221;#FFFFFF&#8221; placeholder_text_color=&#8221;#FFFFFF&#8221; success_validation_font=&#8221;|700|||||||&#8221; success_validation_text_align=&#8221;center&#8221; success_validation_text_color=&#8221;#000000&#8243; background_enable_color=&#8221;off&#8221; border_color_all_image=&#8221;RGBA(0,0,0,0)&#8221; border_color_all_validation_success=&#8221;#FFFFFF&#8221; global_colors_info=&#8221;{}&#8221;][\/dsm_contact_form_7][et_pb_social_media_follow _builder_version=&#8221;4.11.4&#8243; _module_preset=&#8221;default&#8221; hover_enabled=&#8221;0&#8243; sticky_enabled=&#8221;0&#8243; text_orientation=&#8221;right&#8221; use_icon_font_size=&#8221;on&#8221; icon_font_size=&#8221;12px&#8221;][et_pb_social_media_follow_network social_network=&#8221;facebook&#8221; background_color=&#8221;#3b5998&#8243; _builder_version=&#8221;4.11.4&#8243; _module_preset=&#8221;default&#8221; follow_button=&#8221;off&#8221; url_new_window=&#8221;on&#8221; url=&#8221;https:\/\/www.facebook.com\/majormeccaoficial&#8221; hover_enabled=&#8221;0&#8243; sticky_enabled=&#8221;0&#8243;]facebook[\/et_pb_social_media_follow_network][et_pb_social_media_follow_network social_network=&#8221;twitter&#8221; background_color=&#8221;#00aced&#8221; _builder_version=&#8221;4.11.4&#8243; _module_preset=&#8221;default&#8221; follow_button=&#8221;off&#8221; url_new_window=&#8221;on&#8221; url=&#8221;https:\/\/twitter.com\/MajorMecca&#8221; hover_enabled=&#8221;0&#8243; sticky_enabled=&#8221;0&#8243;]twitter[\/et_pb_social_media_follow_network][et_pb_social_media_follow_network social_network=&#8221;instagram&#8221; background_color=&#8221;#ea2c59&#8243; _builder_version=&#8221;4.11.4&#8243; _module_preset=&#8221;default&#8221; follow_button=&#8221;off&#8221; url_new_window=&#8221;on&#8221; hover_enabled=&#8221;0&#8243; sticky_enabled=&#8221;0&#8243; url=&#8221;https:\/\/www.instagram.com\/majormecca\/&#8221;]instagram[\/et_pb_social_media_follow_network][et_pb_social_media_follow_network social_network=&#8221;youtube&#8221; background_color=&#8221;#a82400&#8243; _builder_version=&#8221;4.11.4&#8243; _module_preset=&#8221;default&#8221; follow_button=&#8221;off&#8221; url_new_window=&#8221;on&#8221; hover_enabled=&#8221;0&#8243; sticky_enabled=&#8221;0&#8243; url=&#8221;https:\/\/www.youtube.com\/c\/MajorMecca&#8221;]youtube[\/et_pb_social_media_follow_network][\/et_pb_social_media_follow][\/et_pb_column][\/et_pb_row][\/et_pb_section]<\/p>\n","protected":false},"excerpt":{"rendered":"<p>N\u00c3O FIQUE SEM SABER DA VERDADE DOS FATOS Devido a&#8230;<\/p>\n","protected":false},"author":1,"featured_media":0,"parent":0,"menu_order":0,"comment_status":"closed","ping_status":"closed","template":"","meta":{"_et_pb_use_builder":"on","_et_pb_old_content":"","_et_gb_content_width":"","site-sidebar-layout":"no-sidebar","site-content-layout":"page-builder","ast-site-content-layout":"default","site-content-style":"default","site-sidebar-style":"default","ast-global-header-display":"","ast-banner-title-visibility":"","ast-main-header-display":"disabled","ast-hfb-above-header-display":"","ast-hfb-below-header-display":"","ast-hfb-mobile-header-display":"disabled","site-post-title":"disabled","ast-breadcrumbs-content":"disabled","ast-featured-img":"disabled","footer-sml-layout":"","ast-disable-related-posts":"","theme-transparent-header-meta":"disabled","adv-header-id-meta":"","stick-header-meta":"","header-above-stick-meta":"","header-main-stick-meta":"","header-below-stick-meta":"","astra-migrate-meta-layouts":"default","ast-page-background-enabled":"default","ast-page-background-meta":{"desktop":{"background-color":"var(--ast-global-color-4)","background-image":"","background-repeat":"repeat","background-position":"center center","background-size":"auto","background-attachment":"scroll","background-type":"","background-media":"","overlay-type":"","overlay-color":"","overlay-opacity":"","overlay-gradient":""},"tablet":{"background-color":"","background-image":"","background-repeat":"repeat","background-position":"center center","background-size":"auto","background-attachment":"scroll","background-type":"","background-media":"","overlay-type":"","overlay-color":"","overlay-opacity":"","overlay-gradient":""},"mobile":{"background-color":"","background-image":"","background-repeat":"repeat","background-position":"center center","background-size":"auto","background-attachment":"scroll","background-type":"","background-media":"","overlay-type":"","overlay-color":"","overlay-opacity":"","overlay-gradient":""}},"ast-content-background-meta":{"desktop":{"background-color":"var(--ast-global-color-5)","background-image":"","background-repeat":"repeat","background-position":"center center","background-size":"auto","background-attachment":"scroll","background-type":"","background-media":"","overlay-type":"","overlay-color":"","overlay-opacity":"","overlay-gradient":""},"tablet":{"background-color":"var(--ast-global-color-5)","background-image":"","background-repeat":"repeat","background-position":"center center","background-size":"auto","background-attachment":"scroll","background-type":"","background-media":"","overlay-type":"","overlay-color":"","overlay-opacity":"","overlay-gradient":""},"mobile":{"background-color":"var(--ast-global-color-5)","background-image":"","background-repeat":"repeat","background-position":"center center","background-size":"auto","background-attachment":"scroll","background-type":"","background-media":"","overlay-type":"","overlay-color":"","overlay-opacity":"","overlay-gradient":""}},"footnotes":""},"class_list":["post-35","page","type-page","status-publish","hentry"],"_links":{"self":[{"href":"https:\/\/cadastro.majormecca.com.br\/index.php?rest_route=\/wp\/v2\/pages\/35","targetHints":{"allow":["GET"]}}],"collection":[{"href":"https:\/\/cadastro.majormecca.com.br\/index.php?rest_route=\/wp\/v2\/pages"}],"about":[{"href":"https:\/\/cadastro.majormecca.com.br\/index.php?rest_route=\/wp\/v2\/types\/page"}],"author":[{"embeddable":true,"href":"https:\/\/cadastro.majormecca.com.br\/index.php?rest_route=\/wp\/v2\/users\/1"}],"replies":[{"embeddable":true,"href":"https:\/\/cadastro.majormecca.com.br\/index.php?rest_route=%2Fwp%2Fv2%2Fcomments&post=35"}],"version-history":[{"count":60,"href":"https:\/\/cadastro.majormecca.com.br\/index.php?rest_route=\/wp\/v2\/pages\/35\/revisions"}],"predecessor-version":[{"id":308,"href":"https:\/\/cadastro.majormecca.com.br\/index.php?rest_route=\/wp\/v2\/pages\/35\/revisions\/308"}],"wp:attachment":[{"href":"https:\/\/cadastro.majormecca.com.br\/index.php?rest_route=%2Fwp%2Fv2%2Fmedia&parent=35"}],"curies":[{"name":"wp","href":"https:\/\/api.w.org\/{rel}","templated":true}]}}